{"id":2215,"date":"2024-01-22T14:35:27","date_gmt":"2024-01-22T13:35:27","guid":{"rendered":"https:\/\/staging.perfume-week.com\/bastille-design-center\/"},"modified":"2026-01-14T13:30:31","modified_gmt":"2026-01-14T12:30:31","slug":"palais-brongniart","status":"publish","type":"page","link":"https:\/\/staging.perfume-week.com\/en\/palais-brongniart\/","title":{"rendered":"Palais Brongniart"},"content":{"rendered":"\t\t<div data-elementor-type=\"wp-page\" data-elementor-id=\"2215\" class=\"elementor elementor-2215 elementor-533\" data-elementor-post-type=\"page\">\n\t\t\t\t<div class=\"elementor-element elementor-element-66f0330a e-flex e-con-boxed e-con e-parent\" data-id=\"66f0330a\" data-element_type=\"container\" data-e-type=\"container\">\n\t\t\t\t\t<div class=\"e-con-inner\">\n\t\t\t\t<div class=\"elementor-element elementor-element-46f17d8 elementor-widget elementor-widget-heading\" data-id=\"46f17d8\" data-element_type=\"widget\" data-e-type=\"widget\" data-widget_type=\"heading.default\">\n\t\t\t\t\t<h2 class=\"elementor-heading-title elementor-size-default\">A landmark monument<br>and essential part of Parisian heritage<\/h2>\t\t\t\t<\/div>\n\t\t\t\t<div class=\"elementor-element elementor-element-3dfef63c elementor-widget elementor-widget-text-editor\" data-id=\"3dfef63c\" data-element_type=\"widget\" data-e-type=\"widget\" data-widget_type=\"text-editor.default\">\n\t\t\t\t\t\t\t\t\t<p>The Palais Brongniart was built by the architect Brongniart at the instigation of Napoleon Bonaparte. By laying the first stone in 1808, the emperor wanted to bring all stock exchange activities together in one place, a real innovation at the time aimed at optimising the existing system.<\/p><p>Inaugurated in 1826, the venue effectively became the hub of financial activity in the 19th century, promoting the expansion of railways, steel manufacturing and major industrial ventures until 1998, when the stock exchange at the Palais Brongniart closed.<\/p><p>Today, the Palais Brongniart is one of the leading conference and event centres in Paris, promoting a philosophy of economic, social and solidarity-based innovation. The project is led by the GL events group, one of the international leaders in event venue management, and the City of Paris, which owns the building.<\/p><ul><li><a href=\"\/en\/exhibitors\/\">Click here to see the exhibitors list<\/a><\/li><\/ul>\t\t\t\t\t\t\t\t<\/div>\n\t\t\t\t<div class=\"elementor-element elementor-element-654cb89 elementor-widget-divider--view-line elementor-widget elementor-widget-global elementor-global-679 elementor-widget-divider\" data-id=\"654cb89\" data-element_type=\"widget\" data-e-type=\"widget\" data-widget_type=\"divider.default\">\n\t\t\t\t\t\t\t<div class=\"elementor-divider\">\n\t\t\t<span class=\"elementor-divider-separator\">\n\t\t\t\t\t\t<\/span>\n\t\t<\/div>\n\t\t\t\t\t\t<\/div>\n\t\t\t\t<div class=\"elementor-element elementor-element-6cec87d elementor-widget elementor-widget-image\" data-id=\"6cec87d\" data-element_type=\"widget\" data-e-type=\"widget\" data-widget_type=\"image.default\">\n\t\t\t\t\t\t\t\t\t\t\t\t\t\t\t<img fetchpriority=\"high\" decoding=\"async\" width=\"768\" height=\"528\" src=\"https:\/\/staging.perfume-week.com\/wp-content\/uploads\/2026\/01\/NEF-@OK-6-copie-768x528.jpg\" class=\"attachment-medium_large size-medium_large wp-image-16215\" alt=\"\" srcset=\"https:\/\/staging.perfume-week.com\/wp-content\/uploads\/2026\/01\/NEF-@OK-6-copie-768x528.jpg 768w, https:\/\/staging.perfume-week.com\/wp-content\/uploads\/2026\/01\/NEF-@OK-6-copie-300x206.jpg 300w, https:\/\/staging.perfume-week.com\/wp-content\/uploads\/2026\/01\/NEF-@OK-6-copie.jpg 1000w\" sizes=\"(max-width: 768px) 100vw, 768px\" \/>\t\t\t\t\t\t\t\t\t\t\t\t\t\t\t<\/div>\n\t\t\t\t<div class=\"elementor-element elementor-element-a33da2c elementor-widget-divider--view-line elementor-widget elementor-widget-global elementor-global-679 elementor-widget-divider\" data-id=\"a33da2c\" data-element_type=\"widget\" data-e-type=\"widget\" data-widget_type=\"divider.default\">\n\t\t\t\t\t\t\t<div class=\"elementor-divider\">\n\t\t\t<span class=\"elementor-divider-separator\">\n\t\t\t\t\t\t<\/span>\n\t\t<\/div>\n\t\t\t\t\t\t<\/div>\n\t\t<div class=\"elementor-element elementor-element-435b8fc e-flex e-con-boxed e-con e-child\" data-id=\"435b8fc\" data-element_type=\"container\" data-e-type=\"container\">\n\t\t\t\t\t<div class=\"e-con-inner\">\n\t\t\t\t<div class=\"elementor-element elementor-element-275f5f3 elementor-widget elementor-widget-global elementor-global-2229 elementor-widget-text-editor\" data-id=\"275f5f3\" data-element_type=\"widget\" data-e-type=\"widget\" data-widget_type=\"text-editor.default\">\n\t\t\t\t\t\t\t\t\t<h3 data-elementor-setting-key=\"title\" data-pen-placeholder=\"\u00c9crivez ici...\"><span style=\"text-align: var(--text-align); font-size: 28.8px;\">Opening hours\u00a0<\/span><\/h3><h3 data-elementor-setting-key=\"title\" data-pen-placeholder=\"\u00c9crivez ici...\"><b>Thursday, April 9 to Saturday, April 11<\/b><\/h3><p>Thursday \/ Friday \/ Saturday<br \/>10:00 am \u2013 06:00 pm<\/p><p><a style=\"background-color: #ffffff; text-align: var(--text-align); font-size: 1.125rem;\" href=\"https:\/\/staging.perfume-week.com\/en\/tickets\"><u>Book your ticket<\/u><\/a><\/p>\t\t\t\t\t\t\t\t<\/div>\n\t\t\t\t\t<\/div>\n\t\t\t\t<\/div>\n\t\t\t\t<div class=\"elementor-element elementor-element-ff4518a elementor-widget-divider--view-line elementor-widget elementor-widget-global elementor-global-679 elementor-widget-divider\" data-id=\"ff4518a\" data-element_type=\"widget\" data-e-type=\"widget\" data-widget_type=\"divider.default\">\n\t\t\t\t\t\t\t<div class=\"elementor-divider\">\n\t\t\t<span class=\"elementor-divider-separator\">\n\t\t\t\t\t\t<\/span>\n\t\t<\/div>\n\t\t\t\t\t\t<\/div>\n\t\t\t\t\t<\/div>\n\t\t\t\t<\/div>\n\t\t<div class=\"elementor-element elementor-element-4bbd4f8 e-flex e-con-boxed e-con e-parent\" data-id=\"4bbd4f8\" data-element_type=\"container\" data-e-type=\"container\">\n\t\t\t\t\t<div class=\"e-con-inner\">\n\t\t\t\t<div class=\"elementor-element elementor-element-f457197 elementor-widget elementor-widget-heading\" data-id=\"f457197\" data-element_type=\"widget\" data-e-type=\"widget\" data-widget_type=\"heading.default\">\n\t\t\t\t\t<h3 class=\"elementor-heading-title elementor-size-default\"><span style=\"font-size: 28.8px\">Practical information<\/span><\/h3>\t\t\t\t<\/div>\n\t\t<div class=\"elementor-element elementor-element-edc53f2 e-flex e-con-boxed e-con e-child\" data-id=\"edc53f2\" data-element_type=\"container\" data-e-type=\"container\">\n\t\t\t\t\t<div class=\"e-con-inner\">\n\t\t\t\t<div class=\"elementor-element elementor-element-0401f8b elementor-widget elementor-widget-google_maps\" data-id=\"0401f8b\" data-element_type=\"widget\" data-e-type=\"widget\" data-widget_type=\"google_maps.default\">\n\t\t\t\t\t\t\t<div class=\"elementor-custom-embed\">\n\t\t\t<iframe loading=\"lazy\"\n\t\t\t\t\tsrc=\"https:\/\/maps.google.com\/maps?q=Palais%20Brongniart&#038;t=m&#038;z=12&#038;output=embed&#038;iwloc=near\"\n\t\t\t\t\ttitle=\"Palais Brongniart\"\n\t\t\t\t\taria-label=\"Palais Brongniart\"\n\t\t\t><\/iframe>\n\t\t<\/div>\n\t\t\t\t\t\t<\/div>\n\t\t<div class=\"elementor-element elementor-element-b6161bb e-con-full e-flex e-con e-child\" data-id=\"b6161bb\" data-element_type=\"container\" data-e-type=\"container\">\n\t\t\t\t<div class=\"elementor-element elementor-element-3ac3164 elementor-widget elementor-widget-text-editor\" data-id=\"3ac3164\" data-element_type=\"widget\" data-e-type=\"widget\" data-widget_type=\"text-editor.default\">\n\t\t\t\t\t\t\t\t\t<p><b>Palais Brongniart<br \/><\/b>16, Place de la Bourse<br \/>75002 Paris<\/p>\t\t\t\t\t\t\t\t<\/div>\n\t\t\t\t<\/div>\n\t\t\t\t\t<\/div>\n\t\t\t\t<\/div>\n\t\t\t\t\t<\/div>\n\t\t\t\t<\/div>\n\t\t<div class=\"elementor-element elementor-element-d3dba91 e-flex e-con-boxed e-con e-parent\" data-id=\"d3dba91\" data-element_type=\"container\" data-e-type=\"container\">\n\t\t\t\t\t<div class=\"e-con-inner\">\n\t\t\t\t<div class=\"elementor-element elementor-element-02784ce elementor-widget-divider--view-line elementor-widget elementor-widget-global elementor-global-679 elementor-widget-divider\" data-id=\"02784ce\" data-element_type=\"widget\" data-e-type=\"widget\" data-widget_type=\"divider.default\">\n\t\t\t\t\t\t\t<div class=\"elementor-divider\">\n\t\t\t<span class=\"elementor-divider-separator\">\n\t\t\t\t\t\t<\/span>\n\t\t<\/div>\n\t\t\t\t\t\t<\/div>\n\t\t\t\t\t<\/div>\n\t\t\t\t<\/div>\n\t\t<div class=\"elementor-element elementor-element-830ff96 e-flex e-con-boxed e-con e-parent\" data-id=\"830ff96\" data-element_type=\"container\" data-e-type=\"container\">\n\t\t\t\t\t<div class=\"e-con-inner\">\n\t\t<div class=\"elementor-element elementor-element-0ad8b81 e-flex e-con-boxed e-con e-child\" data-id=\"0ad8b81\" data-element_type=\"container\" data-e-type=\"container\">\n\t\t\t\t\t<div class=\"e-con-inner\">\n\t\t\t\t<div class=\"elementor-element elementor-element-9177319 elementor-widget elementor-widget-text-editor\" data-id=\"9177319\" data-element_type=\"widget\" data-e-type=\"widget\" data-widget_type=\"text-editor.default\">\n\t\t\t\t\t\t\t\t\t<h4>Public transport<\/h4><p><strong>Subway<\/strong>: Bourse (3)\u00a0<\/p>\t\t\t\t\t\t\t\t<\/div>\n\t\t\t\t\t<\/div>\n\t\t\t\t<\/div>\n\t\t<div class=\"elementor-element elementor-element-bb5d9f7 e-flex e-con-boxed e-con e-child\" data-id=\"bb5d9f7\" data-element_type=\"container\" data-e-type=\"container\">\n\t\t\t\t\t<div class=\"e-con-inner\">\n\t\t\t\t<div class=\"elementor-element elementor-element-86e79d6 elementor-widget elementor-widget-text-editor\" data-id=\"86e79d6\" data-element_type=\"widget\" data-e-type=\"widget\" data-widget_type=\"text-editor.default\">\n\t\t\t\t\t\t\t\t\t<h4>TRAIN STATIONS<\/h4><p>Gare Saint-Lazare (L3)<\/p>\t\t\t\t\t\t\t\t<\/div>\n\t\t\t\t\t<\/div>\n\t\t\t\t<\/div>\n\t\t\t\t\t<\/div>\n\t\t\t\t<\/div>\n\t\t\t\t<\/div>\n\t\t","protected":false},"excerpt":{"rendered":"<p>Situ\u00e9 \u00e0 deux pas du Marais dans le XIe arrondissement, au c\u0153ur de la vie culturelle et artistique de Paris, le Bastille Design Center est un b\u00e2timent industriel datant du XIXe si\u00e8cle, r\u00e9am\u00e9nag\u00e9 en espace culturel.<\/p>\n","protected":false},"author":3,"featured_media":0,"parent":0,"menu_order":0,"comment_status":"closed","ping_status":"closed","template":"","meta":{"_acf_changed":false,"inline_featured_image":false,"footnotes":""},"ville":[161],"class_list":["post-2215","page","type-page","status-publish","hentry","ville-paris-en"],"acf":[],"yoast_head":"<!-- This site is optimized with the Yoast SEO plugin v27.1.1 - https:\/\/yoast.com\/product\/yoast-seo-wordpress\/ -->\n<title>Palais Brongniart - Perfume Week, by Nez<\/title>\n<meta name=\"description\" content=\"Situ\u00e9 \u00e0 deux pas du Marais dans le XIe arrondissement, au c\u0153ur de la vie culturelle et artistique de Paris, le Bastille Design Center est un b\u00e2timent industriel datant du XIXe si\u00e8cle, r\u00e9am\u00e9nag\u00e9 en espace culturel.\" \/>\n<meta name=\"robots\" content=\"noindex, follow, max-snippet:-1, max-image-preview:large, max-video-preview:-1\" \/>\n<meta property=\"og:locale\" content=\"en_US\" \/>\n<meta property=\"og:type\" content=\"article\" \/>\n<meta property=\"og:title\" content=\"Palais Brongniart - Perfume Week, by Nez\" \/>\n<meta property=\"og:description\" content=\"Situ\u00e9 \u00e0 deux pas du Marais dans le XIe arrondissement, au c\u0153ur de la vie culturelle et artistique de Paris, le Bastille Design Center est un b\u00e2timent industriel datant du XIXe si\u00e8cle, r\u00e9am\u00e9nag\u00e9 en espace culturel.\" \/>\n<meta property=\"og:url\" content=\"https:\/\/staging.perfume-week.com\/en\/palais-brongniart\/\" \/>\n<meta property=\"og:site_name\" content=\"Perfume Week, by Nez\" \/>\n<meta property=\"article:publisher\" content=\"https:\/\/facebook.com\/nezarevue\" \/>\n<meta property=\"article:modified_time\" content=\"2026-01-14T12:30:31+00:00\" \/>\n<meta property=\"og:image\" content=\"https:\/\/staging.perfume-week.com\/wp-content\/uploads\/2026\/01\/NEF-@OK-6-copie.jpg\" \/>\n\t<meta property=\"og:image:width\" content=\"1000\" \/>\n\t<meta property=\"og:image:height\" content=\"688\" \/>\n\t<meta property=\"og:image:type\" content=\"image\/jpeg\" \/>\n<meta name=\"twitter:card\" content=\"summary_large_image\" \/>\n<meta name=\"twitter:label1\" content=\"Est. reading time\" \/>\n\t<meta name=\"twitter:data1\" content=\"1 minute\" \/>\n<script type=\"application\/ld+json\" class=\"yoast-schema-graph\">{\"@context\":\"https:\/\/schema.org\",\"@graph\":[{\"@type\":\"WebPage\",\"@id\":\"https:\/\/staging.perfume-week.com\/en\/palais-brongniart\/\",\"url\":\"https:\/\/staging.perfume-week.com\/en\/palais-brongniart\/\",\"name\":\"Palais Brongniart - Perfume Week, by Nez\",\"isPartOf\":{\"@id\":\"https:\/\/staging.perfume-week.com\/en\/#website\"},\"primaryImageOfPage\":{\"@id\":\"https:\/\/staging.perfume-week.com\/en\/palais-brongniart\/#primaryimage\"},\"image\":{\"@id\":\"https:\/\/staging.perfume-week.com\/en\/palais-brongniart\/#primaryimage\"},\"thumbnailUrl\":\"https:\/\/staging.perfume-week.com\/wp-content\/uploads\/2026\/01\/NEF-@OK-6-copie-768x528.jpg\",\"datePublished\":\"2024-01-22T13:35:27+00:00\",\"dateModified\":\"2026-01-14T12:30:31+00:00\",\"description\":\"Situ\u00e9 \u00e0 deux pas du Marais dans le XIe arrondissement, au c\u0153ur de la vie culturelle et artistique de Paris, le Bastille Design Center est un b\u00e2timent industriel datant du XIXe si\u00e8cle, r\u00e9am\u00e9nag\u00e9 en espace culturel.\",\"breadcrumb\":{\"@id\":\"https:\/\/staging.perfume-week.com\/en\/palais-brongniart\/#breadcrumb\"},\"inLanguage\":\"en-US\",\"potentialAction\":[{\"@type\":\"ReadAction\",\"target\":[\"https:\/\/staging.perfume-week.com\/en\/palais-brongniart\/\"]}]},{\"@type\":\"ImageObject\",\"inLanguage\":\"en-US\",\"@id\":\"https:\/\/staging.perfume-week.com\/en\/palais-brongniart\/#primaryimage\",\"url\":\"https:\/\/staging.perfume-week.com\/wp-content\/uploads\/2026\/01\/NEF-@OK-6-copie-768x528.jpg\",\"contentUrl\":\"https:\/\/staging.perfume-week.com\/wp-content\/uploads\/2026\/01\/NEF-@OK-6-copie-768x528.jpg\"},{\"@type\":\"BreadcrumbList\",\"@id\":\"https:\/\/staging.perfume-week.com\/en\/palais-brongniart\/#breadcrumb\",\"itemListElement\":[{\"@type\":\"ListItem\",\"position\":1,\"name\":\"Accueil\",\"item\":\"https:\/\/staging.perfume-week.com\/en\/\"},{\"@type\":\"ListItem\",\"position\":2,\"name\":\"Palais Brongniart\"}]},{\"@type\":\"WebSite\",\"@id\":\"https:\/\/staging.perfume-week.com\/en\/#website\",\"url\":\"https:\/\/staging.perfume-week.com\/en\/\",\"name\":\"Paris Perfume Week, by Nez\",\"description\":\"The international gathering for perfume and olfactory culture, by Nez\",\"publisher\":{\"@id\":\"https:\/\/staging.perfume-week.com\/en\/#organization\"},\"potentialAction\":[{\"@type\":\"SearchAction\",\"target\":{\"@type\":\"EntryPoint\",\"urlTemplate\":\"https:\/\/staging.perfume-week.com\/en\/?s={search_term_string}\"},\"query-input\":{\"@type\":\"PropertyValueSpecification\",\"valueRequired\":true,\"valueName\":\"search_term_string\"}}],\"inLanguage\":\"en-US\"},{\"@type\":\"Organization\",\"@id\":\"https:\/\/staging.perfume-week.com\/en\/#organization\",\"name\":\"Le rendez-vous international du parfum et de la culture olfactive, by Nez\",\"url\":\"https:\/\/staging.perfume-week.com\/en\/\",\"logo\":{\"@type\":\"ImageObject\",\"inLanguage\":\"en-US\",\"@id\":\"https:\/\/staging.perfume-week.com\/en\/#\/schema\/logo\/image\/\",\"url\":\"https:\/\/staging.perfume-week.com\/wp-content\/uploads\/2023\/12\/PARIS_PERFUME_WEEK_BLANC-1.svg\",\"contentUrl\":\"https:\/\/staging.perfume-week.com\/wp-content\/uploads\/2023\/12\/PARIS_PERFUME_WEEK_BLANC-1.svg\",\"width\":493,\"height\":262,\"caption\":\"Le rendez-vous international du parfum et de la culture olfactive, by Nez\"},\"image\":{\"@id\":\"https:\/\/staging.perfume-week.com\/en\/#\/schema\/logo\/image\/\"},\"sameAs\":[\"https:\/\/facebook.com\/nezarevue\",\"https:\/\/www.instagram.com\/perfumeweek\"]}]}<\/script>\n<!-- \/ Yoast SEO plugin. -->","yoast_head_json":{"title":"Palais Brongniart - Perfume Week, by Nez","description":"Situ\u00e9 \u00e0 deux pas du Marais dans le XIe arrondissement, au c\u0153ur de la vie culturelle et artistique de Paris, le Bastille Design Center est un b\u00e2timent industriel datant du XIXe si\u00e8cle, r\u00e9am\u00e9nag\u00e9 en espace culturel.","robots":{"index":"noindex","follow":"follow","max-snippet":"max-snippet:-1","max-image-preview":"max-image-preview:large","max-video-preview":"max-video-preview:-1"},"og_locale":"en_US","og_type":"article","og_title":"Palais Brongniart - Perfume Week, by Nez","og_description":"Situ\u00e9 \u00e0 deux pas du Marais dans le XIe arrondissement, au c\u0153ur de la vie culturelle et artistique de Paris, le Bastille Design Center est un b\u00e2timent industriel datant du XIXe si\u00e8cle, r\u00e9am\u00e9nag\u00e9 en espace culturel.","og_url":"https:\/\/staging.perfume-week.com\/en\/palais-brongniart\/","og_site_name":"Perfume Week, by Nez","article_publisher":"https:\/\/facebook.com\/nezarevue","article_modified_time":"2026-01-14T12:30:31+00:00","og_image":[{"width":1000,"height":688,"url":"https:\/\/staging.perfume-week.com\/wp-content\/uploads\/2026\/01\/NEF-@OK-6-copie.jpg","type":"image\/jpeg"}],"twitter_card":"summary_large_image","twitter_misc":{"Est. reading time":"1 minute"},"schema":{"@context":"https:\/\/schema.org","@graph":[{"@type":"WebPage","@id":"https:\/\/staging.perfume-week.com\/en\/palais-brongniart\/","url":"https:\/\/staging.perfume-week.com\/en\/palais-brongniart\/","name":"Palais Brongniart - Perfume Week, by Nez","isPartOf":{"@id":"https:\/\/staging.perfume-week.com\/en\/#website"},"primaryImageOfPage":{"@id":"https:\/\/staging.perfume-week.com\/en\/palais-brongniart\/#primaryimage"},"image":{"@id":"https:\/\/staging.perfume-week.com\/en\/palais-brongniart\/#primaryimage"},"thumbnailUrl":"https:\/\/staging.perfume-week.com\/wp-content\/uploads\/2026\/01\/NEF-@OK-6-copie-768x528.jpg","datePublished":"2024-01-22T13:35:27+00:00","dateModified":"2026-01-14T12:30:31+00:00","description":"Situ\u00e9 \u00e0 deux pas du Marais dans le XIe arrondissement, au c\u0153ur de la vie culturelle et artistique de Paris, le Bastille Design Center est un b\u00e2timent industriel datant du XIXe si\u00e8cle, r\u00e9am\u00e9nag\u00e9 en espace culturel.","breadcrumb":{"@id":"https:\/\/staging.perfume-week.com\/en\/palais-brongniart\/#breadcrumb"},"inLanguage":"en-US","potentialAction":[{"@type":"ReadAction","target":["https:\/\/staging.perfume-week.com\/en\/palais-brongniart\/"]}]},{"@type":"ImageObject","inLanguage":"en-US","@id":"https:\/\/staging.perfume-week.com\/en\/palais-brongniart\/#primaryimage","url":"https:\/\/staging.perfume-week.com\/wp-content\/uploads\/2026\/01\/NEF-@OK-6-copie-768x528.jpg","contentUrl":"https:\/\/staging.perfume-week.com\/wp-content\/uploads\/2026\/01\/NEF-@OK-6-copie-768x528.jpg"},{"@type":"BreadcrumbList","@id":"https:\/\/staging.perfume-week.com\/en\/palais-brongniart\/#breadcrumb","itemListElement":[{"@type":"ListItem","position":1,"name":"Accueil","item":"https:\/\/staging.perfume-week.com\/en\/"},{"@type":"ListItem","position":2,"name":"Palais Brongniart"}]},{"@type":"WebSite","@id":"https:\/\/staging.perfume-week.com\/en\/#website","url":"https:\/\/staging.perfume-week.com\/en\/","name":"Paris Perfume Week, by Nez","description":"The international gathering for perfume and olfactory culture, by Nez","publisher":{"@id":"https:\/\/staging.perfume-week.com\/en\/#organization"},"potentialAction":[{"@type":"SearchAction","target":{"@type":"EntryPoint","urlTemplate":"https:\/\/staging.perfume-week.com\/en\/?s={search_term_string}"},"query-input":{"@type":"PropertyValueSpecification","valueRequired":true,"valueName":"search_term_string"}}],"inLanguage":"en-US"},{"@type":"Organization","@id":"https:\/\/staging.perfume-week.com\/en\/#organization","name":"Le rendez-vous international du parfum et de la culture olfactive, by Nez","url":"https:\/\/staging.perfume-week.com\/en\/","logo":{"@type":"ImageObject","inLanguage":"en-US","@id":"https:\/\/staging.perfume-week.com\/en\/#\/schema\/logo\/image\/","url":"https:\/\/staging.perfume-week.com\/wp-content\/uploads\/2023\/12\/PARIS_PERFUME_WEEK_BLANC-1.svg","contentUrl":"https:\/\/staging.perfume-week.com\/wp-content\/uploads\/2023\/12\/PARIS_PERFUME_WEEK_BLANC-1.svg","width":493,"height":262,"caption":"Le rendez-vous international du parfum et de la culture olfactive, by Nez"},"image":{"@id":"https:\/\/staging.perfume-week.com\/en\/#\/schema\/logo\/image\/"},"sameAs":["https:\/\/facebook.com\/nezarevue","https:\/\/www.instagram.com\/perfumeweek"]}]}},"_links":{"self":[{"href":"https:\/\/staging.perfume-week.com\/en\/wp-json\/wp\/v2\/pages\/2215","targetHints":{"allow":["GET"]}}],"collection":[{"href":"https:\/\/staging.perfume-week.com\/en\/wp-json\/wp\/v2\/pages"}],"about":[{"href":"https:\/\/staging.perfume-week.com\/en\/wp-json\/wp\/v2\/types\/page"}],"author":[{"embeddable":true,"href":"https:\/\/staging.perfume-week.com\/en\/wp-json\/wp\/v2\/users\/3"}],"replies":[{"embeddable":true,"href":"https:\/\/staging.perfume-week.com\/en\/wp-json\/wp\/v2\/comments?post=2215"}],"version-history":[{"count":0,"href":"https:\/\/staging.perfume-week.com\/en\/wp-json\/wp\/v2\/pages\/2215\/revisions"}],"wp:attachment":[{"href":"https:\/\/staging.perfume-week.com\/en\/wp-json\/wp\/v2\/media?parent=2215"}],"wp:term":[{"taxonomy":"ville","embeddable":true,"href":"https:\/\/staging.perfume-week.com\/en\/wp-json\/wp\/v2\/ville?post=2215"}],"curies":[{"name":"wp","href":"https:\/\/api.w.org\/{rel}","templated":true}]}}